{"id":1273,"date":"2023-07-18T14:53:32","date_gmt":"2023-07-18T11:53:32","guid":{"rendered":"https:\/\/askyourclinic.com\/blog\/"},"modified":"2023-08-08T13:42:57","modified_gmt":"2023-08-08T10:42:57","slug":"blog","status":"publish","type":"page","link":"https:\/\/askyourclinic.com\/fr\/blog\/","title":{"rendered":"Blog"},"content":{"rendered":"\t\t<div data-elementor-type=\"wp-page\" data-elementor-id=\"1273\" class=\"elementor elementor-1273 elementor-352\" data-elementor-post-type=\"page\">\n\t\t\t\t<div class=\"elementor-element elementor-element-e39e0af e-flex e-con-boxed e-con e-parent\" data-id=\"e39e0af\" data-element_type=\"container\" data-settings=\"{&quot;background_background&quot;:&quot;classic&quot;}\">\n\t\t\t\t\t<div class=\"e-con-inner\">\n\t\t\t\t<div class=\"elementor-element elementor-element-909c0b4 elementor-widget elementor-widget-heading\" data-id=\"909c0b4\" data-element_type=\"widget\" data-widget_type=\"heading.default\">\n\t\t\t\t<div class=\"elementor-widget-container\">\n\t\t\t\t\t<h2 class=\"elementor-heading-title elementor-size-default\">Blog<\/h2>\t\t\t\t<\/div>\n\t\t\t\t<\/div>\n\t\t\t\t\t<\/div>\n\t\t\t\t<\/div>\n\t\t<div class=\"elementor-element elementor-element-f41c2c2 e-flex e-con-boxed e-con e-parent\" data-id=\"f41c2c2\" data-element_type=\"container\" data-settings=\"{&quot;background_background&quot;:&quot;classic&quot;}\">\n\t\t\t\t\t<div class=\"e-con-inner\">\n\t\t<a class=\"elementor-element elementor-element-ae4eddb e-con-full e-flex e-con e-parent\" data-id=\"ae4eddb\" data-element_type=\"container\" data-settings=\"{&quot;background_background&quot;:&quot;classic&quot;}\" href=\"https:\/\/askyourclinic.com\/fr\/category\/hair-transplant-fr\/\">\n\t\t\t\t<div class=\"elementor-element elementor-element-ac2a951 elementor-widget elementor-widget-heading\" data-id=\"ac2a951\" data-element_type=\"widget\" data-widget_type=\"heading.default\">\n\t\t\t\t<div class=\"elementor-widget-container\">\n\t\t\t\t\t<h2 class=\"elementor-heading-title elementor-size-default\">Greffe de cheveux<\/h2>\t\t\t\t<\/div>\n\t\t\t\t<\/div>\n\t\t\t\t<\/a>\n\t\t<a class=\"elementor-element elementor-element-022bd84 e-con-full e-flex e-con e-parent\" data-id=\"022bd84\" data-element_type=\"container\" data-settings=\"{&quot;background_background&quot;:&quot;classic&quot;}\" href=\"https:\/\/askyourclinic.com\/fr\/category\/dental-treatment-fr\/\">\n\t\t\t\t<div class=\"elementor-element elementor-element-1607dcd elementor-widget elementor-widget-heading\" data-id=\"1607dcd\" data-element_type=\"widget\" data-widget_type=\"heading.default\">\n\t\t\t\t<div class=\"elementor-widget-container\">\n\t\t\t\t\t<h2 class=\"elementor-heading-title elementor-size-default\">Traitement dentaire<\/h2>\t\t\t\t<\/div>\n\t\t\t\t<\/div>\n\t\t\t\t<\/a>\n\t\t<a class=\"elementor-element elementor-element-fa23995 e-con-full e-flex e-con e-parent\" data-id=\"fa23995\" data-element_type=\"container\" data-settings=\"{&quot;background_background&quot;:&quot;classic&quot;}\" href=\"https:\/\/askyourclinic.com\/fr\/category\/body-lifting-fr\/\">\n\t\t\t\t<div class=\"elementor-element elementor-element-5cf82dc elementor-widget elementor-widget-heading\" data-id=\"5cf82dc\" data-element_type=\"widget\" data-widget_type=\"heading.default\">\n\t\t\t\t<div class=\"elementor-widget-container\">\n\t\t\t\t\t<h2 class=\"elementor-heading-title elementor-size-default\">Levage du corps<\/h2>\t\t\t\t<\/div>\n\t\t\t\t<\/div>\n\t\t\t\t<\/a>\n\t\t<a class=\"elementor-element elementor-element-c4be675 e-con-full e-flex e-con e-parent\" data-id=\"c4be675\" data-element_type=\"container\" data-settings=\"{&quot;background_background&quot;:&quot;classic&quot;}\" href=\"https:\/\/askyourclinic.com\/fr\/category\/liposuction-fr\/\">\n\t\t\t\t<div class=\"elementor-element elementor-element-917f862 elementor-widget elementor-widget-heading\" data-id=\"917f862\" data-element_type=\"widget\" data-widget_type=\"heading.default\">\n\t\t\t\t<div class=\"elementor-widget-container\">\n\t\t\t\t\t<h2 class=\"elementor-heading-title elementor-size-default\">Liposuccion<\/h2>\t\t\t\t<\/div>\n\t\t\t\t<\/div>\n\t\t\t\t<\/a>\n\t\t<a class=\"elementor-element elementor-element-e2357c7 e-con-full e-flex e-con e-parent\" data-id=\"e2357c7\" data-element_type=\"container\" data-settings=\"{&quot;background_background&quot;:&quot;classic&quot;}\" href=\"https:\/\/askyourclinic.com\/fr\/category\/bariatric-surgeries-fr\/\">\n\t\t\t\t<div class=\"elementor-element elementor-element-8051c7c elementor-widget elementor-widget-heading\" data-id=\"8051c7c\" data-element_type=\"widget\" data-widget_type=\"heading.default\">\n\t\t\t\t<div class=\"elementor-widget-container\">\n\t\t\t\t\t<h2 class=\"elementor-heading-title elementor-size-default\">Chirurgies bariatriques<\/h2>\t\t\t\t<\/div>\n\t\t\t\t<\/div>\n\t\t\t\t<\/a>\n\t\t<a class=\"elementor-element elementor-element-c4a9cd1 e-con-full e-flex e-con e-parent\" data-id=\"c4a9cd1\" data-element_type=\"container\" data-settings=\"{&quot;background_background&quot;:&quot;classic&quot;}\" href=\"https:\/\/askyourclinic.com\/fr\/category\/hair-skin-care-fr\/\">\n\t\t\t\t<div class=\"elementor-element elementor-element-fd09560 elementor-widget elementor-widget-heading\" data-id=\"fd09560\" data-element_type=\"widget\" data-widget_type=\"heading.default\">\n\t\t\t\t<div class=\"elementor-widget-container\">\n\t\t\t\t\t<h2 class=\"elementor-heading-title elementor-size-default\">Soins des cheveux et de la peau<\/h2>\t\t\t\t<\/div>\n\t\t\t\t<\/div>\n\t\t\t\t<\/a>\n\t\t<a class=\"elementor-element elementor-element-91ff79f e-con-full e-flex e-con e-parent\" data-id=\"91ff79f\" data-element_type=\"container\" data-settings=\"{&quot;background_background&quot;:&quot;classic&quot;}\" href=\"https:\/\/askyourclinic.com\/fr\/category\/face-neck-lifting-fr\/\">\n\t\t\t\t<div class=\"elementor-element elementor-element-62bc8c2 elementor-widget elementor-widget-heading\" data-id=\"62bc8c2\" data-element_type=\"widget\" data-widget_type=\"heading.default\">\n\t\t\t\t<div class=\"elementor-widget-container\">\n\t\t\t\t\t<h2 class=\"elementor-heading-title elementor-size-default\">Lifting du visage et du cou<\/h2>\t\t\t\t<\/div>\n\t\t\t\t<\/div>\n\t\t\t\t<\/a>\n\t\t<a class=\"elementor-element elementor-element-0d5716b e-con-full e-flex e-con e-parent\" data-id=\"0d5716b\" data-element_type=\"container\" data-settings=\"{&quot;background_background&quot;:&quot;classic&quot;}\" href=\"https:\/\/askyourclinic.com\/fr\/category\/ophthalmology-fr\/\">\n\t\t\t\t<div class=\"elementor-element elementor-element-f3b23db elementor-widget elementor-widget-heading\" data-id=\"f3b23db\" data-element_type=\"widget\" data-widget_type=\"heading.default\">\n\t\t\t\t<div class=\"elementor-widget-container\">\n\t\t\t\t\t<h2 class=\"elementor-heading-title elementor-size-default\">Ophtalmologie <\/h2>\t\t\t\t<\/div>\n\t\t\t\t<\/div>\n\t\t\t\t<\/a>\n\t\t<a class=\"elementor-element elementor-element-c37ae65 e-con-full e-flex e-con e-parent\" data-id=\"c37ae65\" data-element_type=\"container\" data-settings=\"{&quot;background_background&quot;:&quot;classic&quot;}\" href=\"https:\/\/askyourclinic.com\/fr\/category\/ivf-fr\/\">\n\t\t\t\t<div class=\"elementor-element elementor-element-b644e2f elementor-widget elementor-widget-heading\" data-id=\"b644e2f\" data-element_type=\"widget\" data-widget_type=\"heading.default\">\n\t\t\t\t<div class=\"elementor-widget-container\">\n\t\t\t\t\t<h2 class=\"elementor-heading-title elementor-size-default\">IVF<\/h2>\t\t\t\t<\/div>\n\t\t\t\t<\/div>\n\t\t\t\t<\/a>\n\t\t<a class=\"elementor-element elementor-element-900c428 e-con-full e-flex e-con e-parent\" data-id=\"900c428\" data-element_type=\"container\" data-settings=\"{&quot;background_background&quot;:&quot;classic&quot;}\" href=\"https:\/\/askyourclinic.com\/fr\/category\/gynecomastia-fr\/\">\n\t\t\t\t<div class=\"elementor-element elementor-element-96e6064 elementor-widget elementor-widget-heading\" data-id=\"96e6064\" data-element_type=\"widget\" data-widget_type=\"heading.default\">\n\t\t\t\t<div class=\"elementor-widget-container\">\n\t\t\t\t\t<h2 class=\"elementor-heading-title elementor-size-default\">Gyn\u00e9comastie<\/h2>\t\t\t\t<\/div>\n\t\t\t\t<\/div>\n\t\t\t\t<\/a>\n\t\t<a class=\"elementor-element elementor-element-c8b478f e-con-full e-flex e-con e-parent\" data-id=\"c8b478f\" data-element_type=\"container\" data-settings=\"{&quot;background_background&quot;:&quot;classic&quot;}\" href=\"https:\/\/askyourclinic.com\/fr\/category\/breast-augmentation-fr\/\">\n\t\t\t\t<div class=\"elementor-element elementor-element-e886fdf elementor-widget elementor-widget-heading\" data-id=\"e886fdf\" data-element_type=\"widget\" data-widget_type=\"heading.default\">\n\t\t\t\t<div class=\"elementor-widget-container\">\n\t\t\t\t\t<h2 class=\"elementor-heading-title elementor-size-default\">Augmentation mammaire<\/h2>\t\t\t\t<\/div>\n\t\t\t\t<\/div>\n\t\t\t\t<\/a>\n\t\t<a class=\"elementor-element elementor-element-189e659 e-con-full e-flex e-con e-parent\" data-id=\"189e659\" data-element_type=\"container\" data-settings=\"{&quot;background_background&quot;:&quot;classic&quot;}\" href=\"https:\/\/askyourclinic.com\/fr\/category\/penile-enhancement-fr\/\">\n\t\t\t\t<div class=\"elementor-element elementor-element-4521782 elementor-widget elementor-widget-heading\" data-id=\"4521782\" data-element_type=\"widget\" data-widget_type=\"heading.default\">\n\t\t\t\t<div class=\"elementor-widget-container\">\n\t\t\t\t\t<h2 class=\"elementor-heading-title elementor-size-default\">Am\u00e9lioration du p\u00e9nis<\/h2>\t\t\t\t<\/div>\n\t\t\t\t<\/div>\n\t\t\t\t<\/a>\n\t\t<a class=\"elementor-element elementor-element-bf8c5b1 e-con-full e-flex e-con e-parent\" data-id=\"bf8c5b1\" data-element_type=\"container\" data-settings=\"{&quot;background_background&quot;:&quot;classic&quot;}\" href=\"https:\/\/askyourclinic.com\/fr\/category\/bbl-fr\/\">\n\t\t\t\t<div class=\"elementor-element elementor-element-6e3d17e elementor-widget elementor-widget-heading\" data-id=\"6e3d17e\" data-element_type=\"widget\" data-widget_type=\"heading.default\">\n\t\t\t\t<div class=\"elementor-widget-container\">\n\t\t\t\t\t<h2 class=\"elementor-heading-title elementor-size-default\">BBL<\/h2>\t\t\t\t<\/div>\n\t\t\t\t<\/div>\n\t\t\t\t<\/a>\n\t\t<a class=\"elementor-element elementor-element-590bf42 e-con-full e-flex e-con e-parent\" data-id=\"590bf42\" data-element_type=\"container\" data-settings=\"{&quot;background_background&quot;:&quot;classic&quot;}\" href=\"https:\/\/askyourclinic.com\/fr\/category\/double-chin-fr\/\">\n\t\t\t\t<div class=\"elementor-element elementor-element-c720946 elementor-widget elementor-widget-heading\" data-id=\"c720946\" data-element_type=\"widget\" data-widget_type=\"heading.default\">\n\t\t\t\t<div class=\"elementor-widget-container\">\n\t\t\t\t\t<h2 class=\"elementor-heading-title elementor-size-default\">Double menton<\/h2>\t\t\t\t<\/div>\n\t\t\t\t<\/div>\n\t\t\t\t<\/a>\n\t\t<a class=\"elementor-element elementor-element-c6b2596 e-con-full e-flex e-con e-parent\" data-id=\"c6b2596\" data-element_type=\"container\" data-settings=\"{&quot;background_background&quot;:&quot;classic&quot;}\" href=\"https:\/\/askyourclinic.com\/fr\/category\/vaginoplasty-fr\/\">\n\t\t\t\t<div class=\"elementor-element elementor-element-ad51cf9 elementor-widget elementor-widget-heading\" data-id=\"ad51cf9\" data-element_type=\"widget\" data-widget_type=\"heading.default\">\n\t\t\t\t<div class=\"elementor-widget-container\">\n\t\t\t\t\t<h2 class=\"elementor-heading-title elementor-size-default\">Vaginoplastie<\/h2>\t\t\t\t<\/div>\n\t\t\t\t<\/div>\n\t\t\t\t<\/a>\n\t\t<a class=\"elementor-element elementor-element-bd772e3 e-con-full e-flex e-con e-parent\" data-id=\"bd772e3\" data-element_type=\"container\" data-settings=\"{&quot;background_background&quot;:&quot;classic&quot;}\" href=\"https:\/\/askyourclinic.com\/fr\/category\/face-treatment-fr\/\">\n\t\t\t\t<div class=\"elementor-element elementor-element-4427206 elementor-widget elementor-widget-heading\" data-id=\"4427206\" data-element_type=\"widget\" data-widget_type=\"heading.default\">\n\t\t\t\t<div class=\"elementor-widget-container\">\n\t\t\t\t\t<h2 class=\"elementor-heading-title elementor-size-default\">Soin du visage<\/h2>\t\t\t\t<\/div>\n\t\t\t\t<\/div>\n\t\t\t\t<\/a>\n\t\t<a class=\"elementor-element elementor-element-fa9bf87 e-con-full e-flex e-con e-parent\" data-id=\"fa9bf87\" data-element_type=\"container\" data-settings=\"{&quot;background_background&quot;:&quot;classic&quot;}\" href=\"https:\/\/askyourclinic.com\/fr\/category\/otoplasty-fr\/\">\n\t\t\t\t<div class=\"elementor-element elementor-element-d9b04ec elementor-widget elementor-widget-heading\" data-id=\"d9b04ec\" data-element_type=\"widget\" data-widget_type=\"heading.default\">\n\t\t\t\t<div class=\"elementor-widget-container\">\n\t\t\t\t\t<h2 class=\"elementor-heading-title elementor-size-default\">Otoplastie<\/h2>\t\t\t\t<\/div>\n\t\t\t\t<\/div>\n\t\t\t\t<\/a>\n\t\t<a class=\"elementor-element elementor-element-cb5f0e8 e-con-full e-flex e-con e-parent\" data-id=\"cb5f0e8\" data-element_type=\"container\" data-settings=\"{&quot;background_background&quot;:&quot;classic&quot;}\" href=\"https:\/\/askyourclinic.com\/fr\/category\/rhinoplasty-fr\/\">\n\t\t\t\t<div class=\"elementor-element elementor-element-4cb9f83 elementor-widget elementor-widget-heading\" data-id=\"4cb9f83\" data-element_type=\"widget\" data-widget_type=\"heading.default\">\n\t\t\t\t<div class=\"elementor-widget-container\">\n\t\t\t\t\t<h2 class=\"elementor-heading-title elementor-size-default\">Rhinoplastie<\/h2>\t\t\t\t<\/div>\n\t\t\t\t<\/div>\n\t\t\t\t<\/a>\n\t\t\t\t\t<\/div>\n\t\t\t\t<\/div>\n\t\t\t\t<\/div>\n\t\t","protected":false},"excerpt":{"rendered":"<p>Blog Greffe de cheveux Traitement dentaire Levage du corps Liposuccion Chirurgies bariatriques Soins des cheveux et de la peau Lifting du visage et du cou Ophtalmologie IVF Gyn\u00e9comastie Augmentation mammaire Am\u00e9lioration du p\u00e9nis BBL Double menton Vaginoplastie Soin du visage Otoplastie Rhinoplastie<\/p>\n","protected":false},"author":1,"featured_media":0,"parent":0,"menu_order":0,"comment_status":"closed","ping_status":"closed","template":"","meta":{"site-sidebar-layout":"no-sidebar","site-content-layout":"page-builder","ast-site-content-layout":"","site-content-style":"default","site-sidebar-style":"default","ast-global-header-display":"","ast-banner-title-visibility":"","ast-main-header-display":"","ast-hfb-above-header-display":"","ast-hfb-below-header-display":"","ast-hfb-mobile-header-display":"","site-post-title":"disabled","ast-breadcrumbs-content":"","ast-featured-img":"disabled","footer-sml-layout":"","theme-transparent-header-meta":"default","adv-header-id-meta":"","stick-header-meta":"","header-above-stick-meta":"","header-main-stick-meta":"","header-below-stick-meta":"","astra-migrate-meta-layouts":"default","ast-page-background-enabled":"default","ast-page-background-meta":{"desktop":{"background-color":"var(--ast-global-color-4)","background-image":"","background-repeat":"repeat","background-position":"center center","background-size":"auto","background-attachment":"scroll","background-type":"","background-media":"","overlay-type":"","overlay-color":"","overlay-opacity":"","overlay-gradient":""},"tablet":{"background-color":"","background-image":"","background-repeat":"repeat","background-position":"center center","background-size":"auto","background-attachment":"scroll","background-type":"","background-media":"","overlay-type":"","overlay-color":"","overlay-opacity":"","overlay-gradient":""},"mobile":{"background-color":"","background-image":"","background-repeat":"repeat","background-position":"center center","background-size":"auto","background-attachment":"scroll","background-type":"","background-media":"","overlay-type":"","overlay-color":"","overlay-opacity":"","overlay-gradient":""}},"ast-content-background-meta":{"desktop":{"background-color":"var(--ast-global-color-5)","background-image":"","background-repeat":"repeat","background-position":"center center","background-size":"auto","background-attachment":"scroll","background-type":"","background-media":"","overlay-type":"","overlay-color":"","overlay-opacity":"","overlay-gradient":""},"tablet":{"background-color":"var(--ast-global-color-5)","background-image":"","background-repeat":"repeat","background-position":"center center","background-size":"auto","background-attachment":"scroll","background-type":"","background-media":"","overlay-type":"","overlay-color":"","overlay-opacity":"","overlay-gradient":""},"mobile":{"background-color":"var(--ast-global-color-5)","background-image":"","background-repeat":"repeat","background-position":"center center","background-size":"auto","background-attachment":"scroll","background-type":"","background-media":"","overlay-type":"","overlay-color":"","overlay-opacity":"","overlay-gradient":""}},"footnotes":""},"class_list":["post-1273","page","type-page","status-publish","hentry"],"yoast_head":"<!-- This site is optimized with the Yoast SEO Premium plugin v20.13 (Yoast SEO v24.9) - https:\/\/yoast.com\/wordpress\/plugins\/seo\/ -->\n<title>Blog - Ask Your Clinic<\/title>\n<meta name=\"robots\" content=\"index, follow, max-snippet:-1, max-image-preview:large, max-video-preview:-1\" \/>\n<link rel=\"canonical\" href=\"https:\/\/askyourclinic.com\/fr\/blog\/\" \/>\n<meta property=\"og:locale\" content=\"fr_FR\" \/>\n<meta property=\"og:type\" content=\"article\" \/>\n<meta property=\"og:title\" content=\"Blog\" \/>\n<meta property=\"og:description\" content=\"Blog Greffe de cheveux Traitement dentaire Levage du corps Liposuccion Chirurgies bariatriques Soins des cheveux et de la peau Lifting du visage et du cou Ophtalmologie IVF Gyn\u00e9comastie Augmentation mammaire Am\u00e9lioration du p\u00e9nis BBL Double menton Vaginoplastie Soin du visage Otoplastie Rhinoplastie\" \/>\n<meta property=\"og:url\" content=\"https:\/\/askyourclinic.com\/fr\/blog\/\" \/>\n<meta property=\"og:site_name\" content=\"Ask Your Clinic\" \/>\n<meta property=\"article:modified_time\" content=\"2023-08-08T10:42:57+00:00\" \/>\n<meta name=\"twitter:card\" content=\"summary_large_image\" \/>\n<script type=\"application\/ld+json\" class=\"yoast-schema-graph\">{\"@context\":\"https:\/\/schema.org\",\"@graph\":[{\"@type\":\"WebPage\",\"@id\":\"https:\/\/askyourclinic.com\/fr\/blog\/\",\"url\":\"https:\/\/askyourclinic.com\/fr\/blog\/\",\"name\":\"Blog - Ask Your Clinic\",\"isPartOf\":{\"@id\":\"https:\/\/askyourclinic.com\/fr\/#website\"},\"datePublished\":\"2023-07-18T11:53:32+00:00\",\"dateModified\":\"2023-08-08T10:42:57+00:00\",\"breadcrumb\":{\"@id\":\"https:\/\/askyourclinic.com\/fr\/blog\/#breadcrumb\"},\"inLanguage\":\"fr-FR\",\"potentialAction\":[{\"@type\":\"ReadAction\",\"target\":[\"https:\/\/askyourclinic.com\/fr\/blog\/\"]}]},{\"@type\":\"BreadcrumbList\",\"@id\":\"https:\/\/askyourclinic.com\/fr\/blog\/#breadcrumb\",\"itemListElement\":[{\"@type\":\"ListItem\",\"position\":1,\"name\":\"Home\",\"item\":\"https:\/\/askyourclinic.com\/fr\/\"},{\"@type\":\"ListItem\",\"position\":2,\"name\":\"Blog\"}]},{\"@type\":\"WebSite\",\"@id\":\"https:\/\/askyourclinic.com\/fr\/#website\",\"url\":\"https:\/\/askyourclinic.com\/fr\/\",\"name\":\"Ask Your Clinic\",\"description\":\"\",\"publisher\":{\"@id\":\"https:\/\/askyourclinic.com\/fr\/#organization\"},\"potentialAction\":[{\"@type\":\"SearchAction\",\"target\":{\"@type\":\"EntryPoint\",\"urlTemplate\":\"https:\/\/askyourclinic.com\/fr\/?s={search_term_string}\"},\"query-input\":{\"@type\":\"PropertyValueSpecification\",\"valueRequired\":true,\"valueName\":\"search_term_string\"}}],\"inLanguage\":\"fr-FR\"},{\"@type\":\"Organization\",\"@id\":\"https:\/\/askyourclinic.com\/fr\/#organization\",\"name\":\"Ask Your Clinic\",\"url\":\"https:\/\/askyourclinic.com\/fr\/\",\"logo\":{\"@type\":\"ImageObject\",\"inLanguage\":\"fr-FR\",\"@id\":\"https:\/\/askyourclinic.com\/fr\/#\/schema\/logo\/image\/\",\"url\":\"https:\/\/askyourclinic.com\/wp-content\/uploads\/2023\/07\/AskYourClinic-logo.png\",\"contentUrl\":\"https:\/\/askyourclinic.com\/wp-content\/uploads\/2023\/07\/AskYourClinic-logo.png\",\"width\":660,\"height\":135,\"caption\":\"Ask Your Clinic\"},\"image\":{\"@id\":\"https:\/\/askyourclinic.com\/fr\/#\/schema\/logo\/image\/\"}}]}<\/script>\n<!-- \/ Yoast SEO Premium plugin. -->","yoast_head_json":{"title":"Blog - Ask Your Clinic","robots":{"index":"index","follow":"follow","max-snippet":"max-snippet:-1","max-image-preview":"max-image-preview:large","max-video-preview":"max-video-preview:-1"},"canonical":"https:\/\/askyourclinic.com\/fr\/blog\/","og_locale":"fr_FR","og_type":"article","og_title":"Blog","og_description":"Blog Greffe de cheveux Traitement dentaire Levage du corps Liposuccion Chirurgies bariatriques Soins des cheveux et de la peau Lifting du visage et du cou Ophtalmologie IVF Gyn\u00e9comastie Augmentation mammaire Am\u00e9lioration du p\u00e9nis BBL Double menton Vaginoplastie Soin du visage Otoplastie Rhinoplastie","og_url":"https:\/\/askyourclinic.com\/fr\/blog\/","og_site_name":"Ask Your Clinic","article_modified_time":"2023-08-08T10:42:57+00:00","twitter_card":"summary_large_image","schema":{"@context":"https:\/\/schema.org","@graph":[{"@type":"WebPage","@id":"https:\/\/askyourclinic.com\/fr\/blog\/","url":"https:\/\/askyourclinic.com\/fr\/blog\/","name":"Blog - Ask Your Clinic","isPartOf":{"@id":"https:\/\/askyourclinic.com\/fr\/#website"},"datePublished":"2023-07-18T11:53:32+00:00","dateModified":"2023-08-08T10:42:57+00:00","breadcrumb":{"@id":"https:\/\/askyourclinic.com\/fr\/blog\/#breadcrumb"},"inLanguage":"fr-FR","potentialAction":[{"@type":"ReadAction","target":["https:\/\/askyourclinic.com\/fr\/blog\/"]}]},{"@type":"BreadcrumbList","@id":"https:\/\/askyourclinic.com\/fr\/blog\/#breadcrumb","itemListElement":[{"@type":"ListItem","position":1,"name":"Home","item":"https:\/\/askyourclinic.com\/fr\/"},{"@type":"ListItem","position":2,"name":"Blog"}]},{"@type":"WebSite","@id":"https:\/\/askyourclinic.com\/fr\/#website","url":"https:\/\/askyourclinic.com\/fr\/","name":"Ask Your Clinic","description":"","publisher":{"@id":"https:\/\/askyourclinic.com\/fr\/#organization"},"potentialAction":[{"@type":"SearchAction","target":{"@type":"EntryPoint","urlTemplate":"https:\/\/askyourclinic.com\/fr\/?s={search_term_string}"},"query-input":{"@type":"PropertyValueSpecification","valueRequired":true,"valueName":"search_term_string"}}],"inLanguage":"fr-FR"},{"@type":"Organization","@id":"https:\/\/askyourclinic.com\/fr\/#organization","name":"Ask Your Clinic","url":"https:\/\/askyourclinic.com\/fr\/","logo":{"@type":"ImageObject","inLanguage":"fr-FR","@id":"https:\/\/askyourclinic.com\/fr\/#\/schema\/logo\/image\/","url":"https:\/\/askyourclinic.com\/wp-content\/uploads\/2023\/07\/AskYourClinic-logo.png","contentUrl":"https:\/\/askyourclinic.com\/wp-content\/uploads\/2023\/07\/AskYourClinic-logo.png","width":660,"height":135,"caption":"Ask Your Clinic"},"image":{"@id":"https:\/\/askyourclinic.com\/fr\/#\/schema\/logo\/image\/"}}]}},"_links":{"self":[{"href":"https:\/\/askyourclinic.com\/fr\/wp-json\/wp\/v2\/pages\/1273"}],"collection":[{"href":"https:\/\/askyourclinic.com\/fr\/wp-json\/wp\/v2\/pages"}],"about":[{"href":"https:\/\/askyourclinic.com\/fr\/wp-json\/wp\/v2\/types\/page"}],"author":[{"embeddable":true,"href":"https:\/\/askyourclinic.com\/fr\/wp-json\/wp\/v2\/users\/1"}],"replies":[{"embeddable":true,"href":"https:\/\/askyourclinic.com\/fr\/wp-json\/wp\/v2\/comments?post=1273"}],"version-history":[{"count":5,"href":"https:\/\/askyourclinic.com\/fr\/wp-json\/wp\/v2\/pages\/1273\/revisions"}],"predecessor-version":[{"id":1279,"href":"https:\/\/askyourclinic.com\/fr\/wp-json\/wp\/v2\/pages\/1273\/revisions\/1279"}],"wp:attachment":[{"href":"https:\/\/askyourclinic.com\/fr\/wp-json\/wp\/v2\/media?parent=1273"}],"curies":[{"name":"wp","href":"https:\/\/api.w.org\/{rel}","templated":true}]}}